{"id":8744,"date":"2017-12-11T10:13:01","date_gmt":"2017-12-11T10:13:01","guid":{"rendered":"https:\/\/www.mangoes-and-bullets.org\/cooperation-and-support\/"},"modified":"2017-12-11T10:13:01","modified_gmt":"2017-12-11T10:13:01","slug":"cooperation-and-support","status":"publish","type":"page","link":"https:\/\/www.mangoes-and-bullets.org\/en\/cooperation-and-support\/","title":{"rendered":"Cooperation and support"},"content":{"rendered":"<p>Contributions to mangoes &amp; bullets are made by Red Haircrow, Natalie Ofori, Ole Schwabe and members of glokal. Furthermore, the following initiatives and individuals sent us tips for materials or otherwise supported us:<br \/>\nberlin postcolonial, Dookoom, FairBindung, Gipsy Mafia, Informationsb\u00fcro Nicaragua, Konzeptwerk Neue \u00d6konomie, Netzwerk rassismuskritische Migrationsp\u00e4dagogik, Open School 21, David Berdonces Labairu, Julia Beutling, Itxaso Markiegi, Franziska M\u00fcller and Sonja Richter.<\/p>\n","protected":false},"excerpt":{"rendered":"<p>Contributions to mangoes &amp; bullets are made by Red Haircrow, Natalie Ofori, Ole Schwabe and members of glokal. Furthermore, the following initiatives and individuals sent us tips for materials or otherwise supported us: berlin postcolonial, Dookoom, FairBindung, Gipsy Mafia, Informationsb\u00fcro Nicaragua, Konzeptwerk Neue \u00d6konomie, Netzwerk rassismuskritische Migrationsp\u00e4dagogik, Open School 21, David Berdonces Labairu, Julia Beutling,<\/p>\n","protected":false},"author":2,"featured_media":0,"parent":0,"menu_order":0,"comment_status":"closed","ping_status":"closed","template":"","meta":{"_uag_custom_page_level_css":"","footnotes":""},"class_list":["post-8744","page","type-page","status-publish"],"uagb_featured_image_src":{"full":false,"thumbnail":false,"medium":false,"medium_large":false,"large":false,"1536x1536":false,"2048x2048":false,"bunyad-small":false,"bunyad-medium":false,"bunyad-full":false,"bunyad-viewport":false,"bunyad-768":false},"uagb_author_info":{"display_name":"glokal e.V.","author_link":"https:\/\/www.mangoes-and-bullets.org\/en\/author\/glokal\/"},"uagb_comment_info":0,"uagb_excerpt":"Contributions to mangoes &amp; bullets are made by Red Haircrow, Natalie Ofori, Ole Schwabe and members of glokal. Furthermore, the following initiatives and individuals sent us tips for materials or otherwise supported us: berlin postcolonial, Dookoom, FairBindung, Gipsy Mafia, Informationsb\u00fcro Nicaragua, Konzeptwerk Neue \u00d6konomie, Netzwerk rassismuskritische Migrationsp\u00e4dagogik, Open School 21, David Berdonces Labairu, Julia Beutling,","_links":{"self":[{"href":"https:\/\/www.mangoes-and-bullets.org\/en\/wp-json\/wp\/v2\/pages\/8744","targetHints":{"allow":["GET"]}}],"collection":[{"href":"https:\/\/www.mangoes-and-bullets.org\/en\/wp-json\/wp\/v2\/pages"}],"about":[{"href":"https:\/\/www.mangoes-and-bullets.org\/en\/wp-json\/wp\/v2\/types\/page"}],"author":[{"embeddable":true,"href":"https:\/\/www.mangoes-and-bullets.org\/en\/wp-json\/wp\/v2\/users\/2"}],"replies":[{"embeddable":true,"href":"https:\/\/www.mangoes-and-bullets.org\/en\/wp-json\/wp\/v2\/comments?post=8744"}],"version-history":[{"count":0,"href":"https:\/\/www.mangoes-and-bullets.org\/en\/wp-json\/wp\/v2\/pages\/8744\/revisions"}],"wp:attachment":[{"href":"https:\/\/www.mangoes-and-bullets.org\/en\/wp-json\/wp\/v2\/media?parent=8744"}],"curies":[{"name":"wp","href":"https:\/\/api.w.org\/{rel}","templated":true}]}}