{"id":8745,"date":"2015-09-03T10:46:55","date_gmt":"2015-09-03T10:46:55","guid":{"rendered":"https:\/\/www.mangoes-and-bullets.org\/a-cerca-de-mangoes-bullets\/"},"modified":"2015-09-03T10:46:55","modified_gmt":"2015-09-03T10:46:55","slug":"a-cerca-de-mangoes-bullets","status":"publish","type":"page","link":"https:\/\/www.mangoes-and-bullets.org\/en\/a-cerca-de-mangoes-bullets\/","title":{"rendered":"a cerca de mangoes &amp; bullets"},"content":{"rendered":"<p>mangos &amp; bullets &#8211; Materiales para pensamiento y acciones criticas al racismo e ideolog\u00edas opresivas.<\/p>\n<p>Este portal est\u00e1 destinado a personas interesadas en temas de racismo y otras ideolog\u00edas dominantes, personas que trabajan en educaci\u00f3n pol\u00edtica o que buscan inspiraci\u00f3n para la resistencia y caminos alternativos. En la p\u00e1gina encontrar\u00e1s una colecci\u00f3n de aportes emancipatorios y anti-racistas ordenados bajo distintas categor\u00edas. Nuestro portal agrupa sugerencias en distintos formatos como v\u00eddeos, pel\u00edculas, poes\u00edas, canciones, libros e informaciones de campa\u00f1as y acciones pol\u00edticas. Todos estos materiales tematizan injusticias sociales; sus cuestionamientos parten de diferentes perspectivas y enfoques. Hay materiales que por ejemplo centran su atenci\u00f3n en el racismo pero desatienden el sexismo como forma opresiva; con lo cual apelamos a un uso atento sobre todo cuando es con fines educativos.<\/p>\n<p>Por supuesto que hay muchos mas materiales interesantes que, la colecci\u00f3n que logramos hasta ahora. En caso de que tengas sugerencias de otros materiales o, por casualidad te encuentras con algo que encaja con el portal y quieres compartirlo puedes enviarnos tus sugerencias a: <a href=\"mailto:mango@glokal.org\">mango[here comes the et]glokal[here comes the dot].org<\/a><\/p>\n<p>mangoes &amp; bullets es el t\u00edtulo de un libro de poes\u00edas de John Agard. El t\u00edtulo nos ofrece la uni\u00f3n de muchos aspectos que quer\u00edamos presentar en nuestro portal; bullets &#8211; balas: como s\u00edmbolo de la opresi\u00f3n pero tambi\u00e9n de la resistencia al colonialismo, racismo y explotaci\u00f3n; mangos: como representante de las frutas tropicales, s\u00edmbolo de producci\u00f3n en condiciones de explotaci\u00f3n y estructuras capitalistas de comercio internacional pero, simult\u00e1neamente una fruta dulce como lo es el empoderamiento y la emancipaci\u00f3n. Una dulzura que se torna amarga cuando en situaciones de racismo toca dibujar una mueca de sonrisa cuando en realidad quisi\u00e9ramos explotar como la cabeza de una bala; mientras vivimos en el pa\u00eds de las balas; balas fabricadas en Alemania que explotan en lugares lejos de aqu\u00ed; balas que acosan y matan a personas que se hacen su camino hacia Europa y o se van de aqu\u00ed para reencontrarse con la dulzura de los mangos.<\/p>\n<p>Te invitamos a visitar y reenviar el link de mangoes &amp; bulltes a todas aquellas personas que puedan hacer uso de sus contenidos! (si quieres usar el banner escr\u00edbenos y te lo enviamos con gusto)<br \/>\nMuchos saludos y trozos de mangos!<\/p>\n<p>contacto: please visit glokal.org site for contacting us!<\/p>\n","protected":false},"excerpt":{"rendered":"<p>mangos &amp; bullets &#8211; Materiales para pensamiento y acciones criticas al racismo e ideolog\u00edas opresivas. Este portal est\u00e1 destinado a personas interesadas en temas de racismo y otras ideolog\u00edas dominantes, personas que trabajan en educaci\u00f3n pol\u00edtica o que buscan inspiraci\u00f3n para la resistencia y caminos alternativos. En la p\u00e1gina encontrar\u00e1s una colecci\u00f3n de aportes emancipatorios<\/p>\n","protected":false},"author":2,"featured_media":0,"parent":0,"menu_order":0,"comment_status":"closed","ping_status":"closed","template":"","meta":{"_uag_custom_page_level_css":"","footnotes":""},"class_list":["post-8745","page","type-page","status-publish"],"uagb_featured_image_src":{"full":false,"thumbnail":false,"medium":false,"medium_large":false,"large":false,"1536x1536":false,"2048x2048":false,"bunyad-small":false,"bunyad-medium":false,"bunyad-full":false,"bunyad-viewport":false,"bunyad-768":false},"uagb_author_info":{"display_name":"glokal e.V.","author_link":"https:\/\/www.mangoes-and-bullets.org\/en\/author\/glokal\/"},"uagb_comment_info":0,"uagb_excerpt":"mangos &amp; bullets &#8211; Materiales para pensamiento y acciones criticas al racismo e ideolog\u00edas opresivas. Este portal est\u00e1 destinado a personas interesadas en temas de racismo y otras ideolog\u00edas dominantes, personas que trabajan en educaci\u00f3n pol\u00edtica o que buscan inspiraci\u00f3n para la resistencia y caminos alternativos. En la p\u00e1gina encontrar\u00e1s una colecci\u00f3n de aportes emancipatorios","_links":{"self":[{"href":"https:\/\/www.mangoes-and-bullets.org\/en\/wp-json\/wp\/v2\/pages\/8745","targetHints":{"allow":["GET"]}}],"collection":[{"href":"https:\/\/www.mangoes-and-bullets.org\/en\/wp-json\/wp\/v2\/pages"}],"about":[{"href":"https:\/\/www.mangoes-and-bullets.org\/en\/wp-json\/wp\/v2\/types\/page"}],"author":[{"embeddable":true,"href":"https:\/\/www.mangoes-and-bullets.org\/en\/wp-json\/wp\/v2\/users\/2"}],"replies":[{"embeddable":true,"href":"https:\/\/www.mangoes-and-bullets.org\/en\/wp-json\/wp\/v2\/comments?post=8745"}],"version-history":[{"count":0,"href":"https:\/\/www.mangoes-and-bullets.org\/en\/wp-json\/wp\/v2\/pages\/8745\/revisions"}],"wp:attachment":[{"href":"https:\/\/www.mangoes-and-bullets.org\/en\/wp-json\/wp\/v2\/media?parent=8745"}],"curies":[{"name":"wp","href":"https:\/\/api.w.org\/{rel}","templated":true}]}}